{"id":8,"date":"2025-01-24T10:56:52","date_gmt":"2025-01-24T13:56:52","guid":{"rendered":"https:\/\/ferrianiejamal.com.br\/?page_id=8"},"modified":"2025-01-29T15:39:27","modified_gmt":"2025-01-29T18:39:27","slug":"home","status":"publish","type":"page","link":"https:\/\/ferrianiejamal.com.br\/en\/","title":{"rendered":"Home"},"content":{"rendered":"<p class=\"qtranxs-available-languages-message qtranxs-available-languages-message-en\">Sorry, this entry is only available in <a href=\"https:\/\/ferrianiejamal.com.br\/pb\/wp-json\/wp\/v2\/pages\/8\" class=\"qtranxs-available-language-link qtranxs-available-language-link-pb\" title=\"PT\">PT<\/a>.<\/p>","protected":false},"excerpt":{"rendered":"<p>Sorry, this entry is only available in PT.<\/p>\n","protected":false},"author":1,"featured_media":0,"parent":0,"menu_order":0,"comment_status":"closed","ping_status":"closed","template":"index.php","meta":{"_acf_changed":false,"footnotes":""},"class_list":["post-8","page","type-page","status-publish","hentry"],"acf":[],"yoast_head":"<!-- This site is optimized with the Yoast SEO plugin v27.4 - https:\/\/yoast.com\/product\/yoast-seo-wordpress\/ -->\n<title>Home - Ferriani e Jamal<\/title>\n<meta name=\"robots\" content=\"index, follow, max-snippet:-1, max-image-preview:large, max-video-preview:-1\" \/>\n<link rel=\"canonical\" href=\"https:\/\/ferrianiejamal.com.br\/en\/\" \/>\n<meta property=\"og:locale\" content=\"en_US\" \/>\n<meta property=\"og:type\" content=\"article\" \/>\n<meta property=\"og:title\" content=\"Home - Ferriani e Jamal\" \/>\n<meta property=\"og:description\" content=\"Sorry, this entry is only available in PT.\" \/>\n<meta property=\"og:url\" content=\"https:\/\/ferrianiejamal.com.br\/en\/\" \/>\n<meta property=\"og:site_name\" content=\"Ferriani e Jamal\" \/>\n<meta property=\"article:modified_time\" content=\"2025-01-29T18:39:27+00:00\" \/>\n<meta property=\"og:image\" content=\"https:\/\/ferrianiejamal.com.br\/wp-content\/uploads\/2025\/01\/Home-5.jpg\" \/>\n\t<meta property=\"og:image:width\" content=\"1920\" \/>\n\t<meta property=\"og:image:height\" content=\"1080\" \/>\n\t<meta property=\"og:image:type\" content=\"image\/jpeg\" \/>\n<meta name=\"twitter:card\" content=\"summary_large_image\" \/>\n<script type=\"application\/ld+json\" class=\"yoast-schema-graph\">{\"@context\":\"https:\\\/\\\/schema.org\",\"@graph\":[{\"@type\":\"WebPage\",\"@id\":\"https:\\\/\\\/ferrianiejamal.com.br\\\/en\\\/\",\"url\":\"https:\\\/\\\/ferrianiejamal.com.br\\\/en\\\/\",\"name\":\"Home - Ferriani e Jamal\",\"isPartOf\":{\"@id\":\"https:\\\/\\\/ferrianiejamal.com.br\\\/en\\\/#website\"},\"datePublished\":\"2025-01-24T13:56:52+00:00\",\"dateModified\":\"2025-01-29T18:39:27+00:00\",\"breadcrumb\":{\"@id\":\"https:\\\/\\\/ferrianiejamal.com.br\\\/en\\\/#breadcrumb\"},\"inLanguage\":\"en-US\",\"potentialAction\":[{\"@type\":\"ReadAction\",\"target\":[[\"https:\\\/\\\/ferrianiejamal.com.br\\\/en\\\/\"]]}]},{\"@type\":\"BreadcrumbList\",\"@id\":\"https:\\\/\\\/ferrianiejamal.com.br\\\/en\\\/#breadcrumb\",\"itemListElement\":[{\"@type\":\"ListItem\",\"position\":1,\"name\":\"In\u00edcio\",\"item\":\"https:\\\/\\\/ferrianiejamal.com.br\\\/en\\\/\"},{\"@type\":\"ListItem\",\"position\":2,\"name\":\"Home\"}]},{\"@type\":\"WebSite\",\"@id\":\"https:\\\/\\\/ferrianiejamal.com.br\\\/en\\\/#website\",\"url\":\"https:\\\/\\\/ferrianiejamal.com.br\\\/en\\\/\",\"name\":\"Ferriani, Jamal, Fornazari, Sartori e Sanchez Advogados Associados\",\"description\":\"Ferriani, Jamal, Fornazari, Sartori &amp; Sanchez Advogados Associados \u2013 refer\u00eancia no Direito Empresarial h\u00e1 mais de 30 anos \u2013 onde se encontram a inova\u00e7\u00e3o e a experi\u00eancia no mercado jur\u00eddico.\",\"publisher\":{\"@id\":\"https:\\\/\\\/ferrianiejamal.com.br\\\/en\\\/#organization\"},\"alternateName\":\"Ferriani Jamal\",\"potentialAction\":[{\"@type\":\"SearchAction\",\"target\":{\"@type\":\"EntryPoint\",\"urlTemplate\":\"https:\\\/\\\/ferrianiejamal.com.br\\\/en\\\/?s={search_term_string}\"},\"query-input\":{\"@type\":\"PropertyValueSpecification\",\"valueRequired\":true,\"valueName\":\"search_term_string\"}}],\"inLanguage\":\"en-US\"},{\"@type\":\"Organization\",\"@id\":\"https:\\\/\\\/ferrianiejamal.com.br\\\/en\\\/#organization\",\"name\":\"Ferriani, Jamal, Fornazari, Sartori e Sanchez Advogados Associados\",\"alternateName\":\"Ferriani Jamal\",\"url\":\"https:\\\/\\\/ferrianiejamal.com.br\\\/en\\\/\",\"logo\":{\"@type\":\"ImageObject\",\"inLanguage\":\"en-US\",\"@id\":\"https:\\\/\\\/ferrianiejamal.com.br\\\/en\\\/#\\\/schema\\\/logo\\\/image\\\/\",\"url\":\"https:\\\/\\\/ferrianiejamal.com.br\\\/wp-content\\\/uploads\\\/2025\\\/10\\\/LOGOS_AZUL.png\",\"contentUrl\":\"https:\\\/\\\/ferrianiejamal.com.br\\\/wp-content\\\/uploads\\\/2025\\\/10\\\/LOGOS_AZUL.png\",\"width\":2481,\"height\":2481,\"caption\":\"Ferriani, Jamal, Fornazari, Sartori e Sanchez Advogados Associados\"},\"image\":{\"@id\":\"https:\\\/\\\/ferrianiejamal.com.br\\\/en\\\/#\\\/schema\\\/logo\\\/image\\\/\"},\"sameAs\":[\"https:\\\/\\\/www.linkedin.com\\\/company\\\/ferrianiejamal\\\/\"]}]}<\/script>\n<!-- \/ Yoast SEO plugin. -->","yoast_head_json":{"title":"Home - Ferriani e Jamal","robots":{"index":"index","follow":"follow","max-snippet":"max-snippet:-1","max-image-preview":"max-image-preview:large","max-video-preview":"max-video-preview:-1"},"canonical":"https:\/\/ferrianiejamal.com.br\/en\/","og_locale":"en_US","og_type":"article","og_title":"Home - Ferriani e Jamal","og_description":"Sorry, this entry is only available in PT.","og_url":"https:\/\/ferrianiejamal.com.br\/en\/","og_site_name":"Ferriani e Jamal","article_modified_time":"2025-01-29T18:39:27+00:00","og_image":[{"width":1920,"height":1080,"url":"https:\/\/ferrianiejamal.com.br\/wp-content\/uploads\/2025\/01\/Home-5.jpg","type":"image\/jpeg"}],"twitter_card":"summary_large_image","schema":{"@context":"https:\/\/schema.org","@graph":[{"@type":"WebPage","@id":"https:\/\/ferrianiejamal.com.br\/en\/","url":"https:\/\/ferrianiejamal.com.br\/en\/","name":"Home - Ferriani e Jamal","isPartOf":{"@id":"https:\/\/ferrianiejamal.com.br\/en\/#website"},"datePublished":"2025-01-24T13:56:52+00:00","dateModified":"2025-01-29T18:39:27+00:00","breadcrumb":{"@id":"https:\/\/ferrianiejamal.com.br\/en\/#breadcrumb"},"inLanguage":"en-US","potentialAction":[{"@type":"ReadAction","target":[["https:\/\/ferrianiejamal.com.br\/en\/"]]}]},{"@type":"BreadcrumbList","@id":"https:\/\/ferrianiejamal.com.br\/en\/#breadcrumb","itemListElement":[{"@type":"ListItem","position":1,"name":"In\u00edcio","item":"https:\/\/ferrianiejamal.com.br\/en\/"},{"@type":"ListItem","position":2,"name":"Home"}]},{"@type":"WebSite","@id":"https:\/\/ferrianiejamal.com.br\/en\/#website","url":"https:\/\/ferrianiejamal.com.br\/en\/","name":"Ferriani, Jamal, Fornazari, Sartori e Sanchez Advogados Associados","description":"Ferriani, Jamal, Fornazari, Sartori &amp; Sanchez Advogados Associados \u2013 refer\u00eancia no Direito Empresarial h\u00e1 mais de 30 anos \u2013 onde se encontram a inova\u00e7\u00e3o e a experi\u00eancia no mercado jur\u00eddico.","publisher":{"@id":"https:\/\/ferrianiejamal.com.br\/en\/#organization"},"alternateName":"Ferriani Jamal","potentialAction":[{"@type":"SearchAction","target":{"@type":"EntryPoint","urlTemplate":"https:\/\/ferrianiejamal.com.br\/en\/?s={search_term_string}"},"query-input":{"@type":"PropertyValueSpecification","valueRequired":true,"valueName":"search_term_string"}}],"inLanguage":"en-US"},{"@type":"Organization","@id":"https:\/\/ferrianiejamal.com.br\/en\/#organization","name":"Ferriani, Jamal, Fornazari, Sartori e Sanchez Advogados Associados","alternateName":"Ferriani Jamal","url":"https:\/\/ferrianiejamal.com.br\/en\/","logo":{"@type":"ImageObject","inLanguage":"en-US","@id":"https:\/\/ferrianiejamal.com.br\/en\/#\/schema\/logo\/image\/","url":"https:\/\/ferrianiejamal.com.br\/wp-content\/uploads\/2025\/10\/LOGOS_AZUL.png","contentUrl":"https:\/\/ferrianiejamal.com.br\/wp-content\/uploads\/2025\/10\/LOGOS_AZUL.png","width":2481,"height":2481,"caption":"Ferriani, Jamal, Fornazari, Sartori e Sanchez Advogados Associados"},"image":{"@id":"https:\/\/ferrianiejamal.com.br\/en\/#\/schema\/logo\/image\/"},"sameAs":["https:\/\/www.linkedin.com\/company\/ferrianiejamal\/"]}]}},"_links":{"self":[{"href":"https:\/\/ferrianiejamal.com.br\/en\/wp-json\/wp\/v2\/pages\/8","targetHints":{"allow":["GET"]}}],"collection":[{"href":"https:\/\/ferrianiejamal.com.br\/en\/wp-json\/wp\/v2\/pages"}],"about":[{"href":"https:\/\/ferrianiejamal.com.br\/en\/wp-json\/wp\/v2\/types\/page"}],"author":[{"embeddable":true,"href":"https:\/\/ferrianiejamal.com.br\/en\/wp-json\/wp\/v2\/users\/1"}],"replies":[{"embeddable":true,"href":"https:\/\/ferrianiejamal.com.br\/en\/wp-json\/wp\/v2\/comments?post=8"}],"version-history":[{"count":7,"href":"https:\/\/ferrianiejamal.com.br\/en\/wp-json\/wp\/v2\/pages\/8\/revisions"}],"predecessor-version":[{"id":176,"href":"https:\/\/ferrianiejamal.com.br\/en\/wp-json\/wp\/v2\/pages\/8\/revisions\/176"}],"wp:attachment":[{"href":"https:\/\/ferrianiejamal.com.br\/en\/wp-json\/wp\/v2\/media?parent=8"}],"curies":[{"name":"wp","href":"https:\/\/api.w.org\/{rel}","templated":true}]}}